{"id":175,"date":"2018-04-12T13:10:18","date_gmt":"2018-04-12T13:10:18","guid":{"rendered":"http:\/\/bridge219.qodeinteractive.com\/?page_id=175"},"modified":"2024-07-24T11:12:32","modified_gmt":"2024-07-24T09:12:32","slug":"ueber-uns","status":"publish","type":"page","link":"https:\/\/www.eat-automation.de\/de\/ueber-uns\/","title":{"rendered":"\u00dcber uns"},"content":{"rendered":"<div class=\"wpb-content-wrapper\"><p>[vc_row css_animation=&#8220;&#8220; row_type=&#8220;row&#8220; use_row_as_full_screen_section=&#8220;no&#8220; type=&#8220;grid&#8220; angled_section=&#8220;no&#8220; text_align=&#8220;left&#8220; background_image_as_pattern=&#8220;without_pattern&#8220; z_index=&#8220;&#8220;][vc_column][qode_elements_holder number_of_columns=&#8220;two_columns&#8220;][qode_elements_holder_item advanced_animations=&#8220;no&#8220; item_padding=&#8220;5% 0 0 0&#8243;][vc_column_text]<\/p>\n<h2>Wir sind ein mittelst\u00e4ndiges Unternehmen mit langj\u00e4hriger Erfahrung in der Elektro u. Automatisierung\u00adstechnik.<\/h2>\n<p>[\/vc_column_text][vc_empty_space][vc_column_text]Seit \u00fcber 20 Jahren entwickeln wir innovative L\u00f6sungen f\u00fcr die Industrie und kommunale Auftraggeber. Neben einer qualifizierten Beratung, auf Kundenw\u00fcnsche abgestimmte Planung und umfassende Bau\u00fcberwachung bieten wir auch die Montage von elektrotechnischen Anlagen an. Daf\u00fcr besitzen wir einen eigenen Schaltanlagenbau. Dabei garantieren unsere regelm\u00e4\u00dfig geschulten Mitarbeiter einen reibungslosen Projektablauf.[\/vc_column_text][vc_empty_space][vc_column_text]F\u00fcr uns ist es selbstverst\u00e4ndlich, sowohl im Geb\u00e4ude als auch im Au\u00dfenbereich die Arbeiten sorgf\u00e4ltig auszuf\u00fchren. Getreu unseres Leitgedankens \u201eindividuelle Komplettl\u00f6sungen\u201d stellen wir unsere Schaltanlagen, durch langj\u00e4hrige Erfahrung in eigener Fertigung her.[\/vc_column_text][\/qode_elements_holder_item][\/qode_elements_holder][\/vc_column][\/vc_row][vc_row css_animation=&#8220;&#8220; row_type=&#8220;row&#8220; use_row_as_full_screen_section=&#8220;no&#8220; type=&#8220;grid&#8220; angled_section=&#8220;no&#8220; text_align=&#8220;left&#8220; background_image_as_pattern=&#8220;without_pattern&#8220; z_index=&#8220;&#8220; background_color=&#8220;#f6f6f6&#8243; css=&#8220;.vc_custom_1582882863532{margin-top: 5% !important;}&#8220;][vc_column][qode_elements_holder number_of_columns=&#8220;two_columns&#8220;][qode_elements_holder_item advanced_animations=&#8220;no&#8220; item_padding=&#8220;5% 0 5% 0&#8243;][vc_column_text]<\/p>\n<h2>Unsere Mitarbeiter<\/h2>\n<p>[\/vc_column_text][\/qode_elements_holder_item][\/qode_elements_holder][\/vc_column][\/vc_row][vc_row css_animation=&#8220;&#8220; row_type=&#8220;row&#8220; use_row_as_full_screen_section=&#8220;no&#8220; type=&#8220;grid&#8220; angled_section=&#8220;no&#8220; text_align=&#8220;left&#8220; background_image_as_pattern=&#8220;without_pattern&#8220; z_index=&#8220;&#8220; background_color=&#8220;#f6f6f6&#8243; css=&#8220;.vc_custom_1582886748599{padding-bottom: 1% !important;}&#8220;][vc_column width=&#8220;1\/3&#8243; css=&#8220;.vc_custom_1582886854928{margin-bottom: 1% !important;padding-bottom: 3% !important;}&#8220;][qode_elements_holder number_of_columns=&#8220;one_column&#8220;][qode_elements_holder_item horizontal_alignment=&#8220;center&#8220; advanced_animations=&#8220;no&#8220; background_color=&#8220;#ffffff&#8220; item_padding=&#8220;5%&#8220;][vc_column_text]<\/p>\n<h3 style=\"text-align: center;\">Dipl. Ing. Hans-J\u00f6rg Seelig<\/h3>\n<p style=\"text-align: center;\">Gesch\u00e4ftsf\u00fchrer<\/p>\n<p>[\/vc_column_text][vc_separator type=&#8220;small&#8220; position=&#8220;center&#8220; color=&#8220;#30488c&#8220;][vc_column_text css=&#8220;.vc_custom_1721803674217{padding-bottom: 3% !important;}&#8220;]<\/p>\n<p style=\"text-align: center;\">Gesch\u00e4ftsf\u00fchrung<br \/>\nProjektleitung<\/p>\n<p style=\"text-align: center;\">Telefon +49 (0)34347 699-30<\/p>\n<p>[\/vc_column_text]<span class='q_social_icon_holder normal_social' data-color=#bcbcbc data-hover-color=#30488c><a itemprop='url' href='mailto:info@eat-automation.de' target='_self'><i class=\"qode_icon_font_awesome fa fa-envelope fa-lg simple_social\" style=\"color: #bcbcbc;\" ><\/i><\/a><\/span>[\/qode_elements_holder_item][\/qode_elements_holder][\/vc_column][vc_column width=&#8220;1\/3&#8243; css=&#8220;.vc_custom_1582887342237{margin-bottom: 1% !important;padding-bottom: 3% !important;}&#8220;][qode_elements_holder number_of_columns=&#8220;one_column&#8220;][qode_elements_holder_item horizontal_alignment=&#8220;center&#8220; advanced_animations=&#8220;no&#8220; background_color=&#8220;#ffffff&#8220; item_padding=&#8220;5%&#8220;][vc_column_text]<\/p>\n<h3 style=\"text-align: center;\">Grit Rockstein<\/h3>\n<p>&nbsp;<\/p>\n<p>[\/vc_column_text][vc_separator type=&#8220;small&#8220; position=&#8220;center&#8220; color=&#8220;#30488c&#8220;][vc_column_text css=&#8220;.vc_custom_1721812333134{padding-bottom: 3% !important;}&#8220;]<\/p>\n<p style=\"text-align: center;\">Einkauf<br \/>\nAngebotswesen &amp; Kalkulation<\/p>\n<p style=\"text-align: center;\">Telefon +49 (0)34347 699-30<\/p>\n<p>[\/vc_column_text]<span class='q_social_icon_holder normal_social' data-color=#bcbcbc data-hover-color=#30488c><a itemprop='url' href='mailto:grit.rockstein@eat-automation.de' target='_self'><i class=\"qode_icon_font_awesome fa fa-envelope fa-lg simple_social\" style=\"color: #bcbcbc;\" ><\/i><\/a><\/span>[\/qode_elements_holder_item][\/qode_elements_holder][\/vc_column][vc_column width=&#8220;1\/3&#8243; css=&#8220;.vc_custom_1582887332996{margin-bottom: 1% !important;padding-bottom: 3% !important;}&#8220;][qode_elements_holder number_of_columns=&#8220;one_column&#8220;][qode_elements_holder_item horizontal_alignment=&#8220;center&#8220; advanced_animations=&#8220;no&#8220; background_color=&#8220;#ffffff&#8220; item_padding=&#8220;5%&#8220;][vc_column_text]<\/p>\n<h3 style=\"text-align: center;\">Beate Hoppe<\/h3>\n<p>&nbsp;<\/p>\n<p>[\/vc_column_text][vc_separator type=&#8220;small&#8220; position=&#8220;center&#8220; color=&#8220;#30488c&#8220;][vc_column_text css=&#8220;.vc_custom_1721803202167{padding-bottom: 3% !important;}&#8220;]<\/p>\n<p style=\"text-align: center;\">Verwaltung<br \/>\nBuchhaltung<\/p>\n<p style=\"text-align: center;\">Telefon +49 (0)34347 699-30<\/p>\n<p>[\/vc_column_text]<span class='q_social_icon_holder normal_social' data-color=#bcbcbc data-hover-color=#30488c><a itemprop='url' href='mailto:info@eat-automation.de' target='_self'><i class=\"qode_icon_font_awesome fa fa-envelope fa-lg simple_social\" style=\"color: #bcbcbc;\" ><\/i><\/a><\/span>[\/qode_elements_holder_item][\/qode_elements_holder][\/vc_column][\/vc_row][vc_row css_animation=&#8220;&#8220; row_type=&#8220;row&#8220; use_row_as_full_screen_section=&#8220;no&#8220; type=&#8220;grid&#8220; angled_section=&#8220;no&#8220; text_align=&#8220;left&#8220; background_image_as_pattern=&#8220;without_pattern&#8220; z_index=&#8220;&#8220; background_color=&#8220;#f6f6f6&#8243; css=&#8220;.vc_custom_1582886762392{padding-bottom: 1% !important;}&#8220;][vc_column width=&#8220;1\/3&#8243; css=&#8220;.vc_custom_1582887379387{margin-bottom: 1% !important;padding-bottom: 3% !important;}&#8220;][qode_elements_holder number_of_columns=&#8220;one_column&#8220;][qode_elements_holder_item horizontal_alignment=&#8220;center&#8220; advanced_animations=&#8220;no&#8220; background_color=&#8220;#ffffff&#8220; item_padding=&#8220;5%&#8220;][vc_column_text]<\/p>\n<h3 style=\"text-align: center;\">Tim Rauchbach<\/h3>\n<p>&nbsp;<\/p>\n<p>[\/vc_column_text][vc_separator type=&#8220;small&#8220; position=&#8220;center&#8220; color=&#8220;#30488c&#8220;][vc_column_text css=&#8220;.vc_custom_1721804287745{padding-bottom: 3% !important;}&#8220;]<\/p>\n<p style=\"text-align: center;\">Einkauf<br \/>\nLager<\/p>\n<p>&nbsp;<\/p>\n<p>&nbsp;<\/p>\n<p>&nbsp;<\/p>\n<p>&nbsp;<\/p>\n<p>[\/vc_column_text]<span class='q_social_icon_holder normal_social' data-color=#bcbcbc data-hover-color=#30488c><a itemprop='url' href='mailto:info@eat-automation.de' target='_self'><i class=\"qode_icon_font_awesome fa fa-envelope fa-lg simple_social\" style=\"color: #bcbcbc;\" ><\/i><\/a><\/span>[\/qode_elements_holder_item][\/qode_elements_holder][\/vc_column][vc_column width=&#8220;1\/3&#8243; css=&#8220;.vc_custom_1582887370359{margin-bottom: 1% !important;padding-bottom: 3% !important;}&#8220;][qode_elements_holder number_of_columns=&#8220;one_column&#8220;][qode_elements_holder_item horizontal_alignment=&#8220;center&#8220; advanced_animations=&#8220;no&#8220; background_color=&#8220;#ffffff&#8220; item_padding=&#8220;5%&#8220;][vc_column_text]<\/p>\n<h3 style=\"text-align: center;\">Dipl. Ing. Matthias Baier<\/h3>\n<p style=\"text-align: center;\">Projektleiter<\/p>\n<p>[\/vc_column_text][vc_separator type=&#8220;small&#8220; position=&#8220;center&#8220; color=&#8220;#30488c&#8220;][vc_column_text css=&#8220;.vc_custom_1721804150438{padding-bottom: 3% !important;}&#8220;]<\/p>\n<p style=\"text-align: center;\">Projektleitung<br \/>\nProgrammierung SPS<br \/>\nProgrammierung PLS<br \/>\nElektroprojektierung CAD (EPLAN)<br \/>\nInbetriebnahme<\/p>\n<p>[\/vc_column_text]<span class='q_social_icon_holder normal_social' data-color=#bcbcbc data-hover-color=#30488c><a itemprop='url' href='mailto:matthias.baier@eat-automation.de' target='_self'><i class=\"qode_icon_font_awesome fa fa-envelope fa-lg simple_social\" style=\"color: #bcbcbc;\" ><\/i><\/a><\/span>[\/qode_elements_holder_item][\/qode_elements_holder][\/vc_column][vc_column width=&#8220;1\/3&#8243; css=&#8220;.vc_custom_1582887362113{margin-bottom: 1% !important;padding-bottom: 3% !important;}&#8220;][\/vc_column][\/vc_row]<\/p>\n<\/div>","protected":false},"excerpt":{"rendered":"<p>[vc_row css_animation=&#8220;&#8220; row_type=&#8220;row&#8220; use_row_as_full_screen_section=&#8220;no&#8220; type=&#8220;grid&#8220; angled_section=&#8220;no&#8220; text_align=&#8220;left&#8220; background_image_as_pattern=&#8220;without_pattern&#8220; z_index=&#8220;&#8220;][vc_column][qode_elements_holder number_of_columns=&#8220;two_columns&#8220;][qode_elements_holder_item advanced_animations=&#8220;no&#8220; item_padding=&#8220;5% 0 0 0&#8243;][vc_column_text] Wir sind ein mittelst\u00e4ndiges Unternehmen mit langj\u00e4hriger Erfahrung in der Elektro u. Automatisierung\u00adstechnik. [\/vc_column_text][vc_empty_space][vc_column_text]Seit \u00fcber 20 Jahren entwickeln wir innovative L\u00f6sungen f\u00fcr die Industrie und kommunale Auftraggeber. Neben einer qualifizierten&#8230;<\/p>\n","protected":false},"author":3,"featured_media":0,"parent":0,"menu_order":0,"comment_status":"closed","ping_status":"closed","template":"full_width.php","meta":{"footnotes":""},"class_list":["post-175","page","type-page","status-publish","hentry"],"yoast_head":"<!-- This site is optimized with the Yoast SEO plugin v27.0 - https:\/\/yoast.com\/product\/yoast-seo-wordpress\/ -->\n<title>\u00dcber uns | EAT Elektro- und Automatisierungstechnik GmbH<\/title>\n<meta name=\"robots\" content=\"index, follow, max-snippet:-1, max-image-preview:large, max-video-preview:-1\" \/>\n<link rel=\"canonical\" href=\"https:\/\/www.eat-automation.de\/de\/ueber-uns\/\" \/>\n<meta property=\"og:locale\" content=\"de_DE\" \/>\n<meta property=\"og:type\" content=\"article\" \/>\n<meta property=\"og:title\" content=\"\u00dcber uns | EAT Elektro- und Automatisierungstechnik GmbH\" \/>\n<meta property=\"og:description\" content=\"[vc_row css_animation=&#8220;&#8220; row_type=&#8220;row&#8220; use_row_as_full_screen_section=&#8220;no&#8220; type=&#8220;grid&#8220; angled_section=&#8220;no&#8220; text_align=&#8220;left&#8220; background_image_as_pattern=&#8220;without_pattern&#8220; z_index=&#8220;&#8220;][vc_column][qode_elements_holder number_of_columns=&#8220;two_columns&#8220;][qode_elements_holder_item advanced_animations=&#8220;no&#8220; item_padding=&#8220;5% 0 0 0&#8243;][vc_column_text] Wir sind ein mittelst\u00e4ndiges Unternehmen mit langj\u00e4hriger Erfahrung in der Elektro u. Automatisierung\u00adstechnik. [\/vc_column_text][vc_empty_space][vc_column_text]Seit \u00fcber 20 Jahren entwickeln wir innovative L\u00f6sungen f\u00fcr die Industrie und kommunale Auftraggeber. Neben einer qualifizierten...\" \/>\n<meta property=\"og:url\" content=\"https:\/\/www.eat-automation.de\/de\/ueber-uns\/\" \/>\n<meta property=\"og:site_name\" content=\"EAT Elektro- und Automatisierungstechnik GmbH\" \/>\n<meta property=\"article:modified_time\" content=\"2024-07-24T09:12:32+00:00\" \/>\n<meta name=\"twitter:card\" content=\"summary_large_image\" \/>\n<meta name=\"twitter:label1\" content=\"Gesch\u00e4tzte Lesezeit\" \/>\n\t<meta name=\"twitter:data1\" content=\"2\u00a0Minuten\" \/>\n<script type=\"application\/ld+json\" class=\"yoast-schema-graph\">{\"@context\":\"https:\/\/schema.org\",\"@graph\":[{\"@type\":\"WebPage\",\"@id\":\"https:\/\/www.eat-automation.de\/de\/ueber-uns\/\",\"url\":\"https:\/\/www.eat-automation.de\/de\/ueber-uns\/\",\"name\":\"\u00dcber uns | EAT Elektro- und Automatisierungstechnik GmbH\",\"isPartOf\":{\"@id\":\"https:\/\/www.eat-automation.de\/de\/#website\"},\"datePublished\":\"2018-04-12T13:10:18+00:00\",\"dateModified\":\"2024-07-24T09:12:32+00:00\",\"breadcrumb\":{\"@id\":\"https:\/\/www.eat-automation.de\/de\/ueber-uns\/#breadcrumb\"},\"inLanguage\":\"de\",\"potentialAction\":[{\"@type\":\"ReadAction\",\"target\":[\"https:\/\/www.eat-automation.de\/de\/ueber-uns\/\"]}]},{\"@type\":\"BreadcrumbList\",\"@id\":\"https:\/\/www.eat-automation.de\/de\/ueber-uns\/#breadcrumb\",\"itemListElement\":[{\"@type\":\"ListItem\",\"position\":1,\"name\":\"Startseite\",\"item\":\"https:\/\/www.eat-automation.de\/de\/\"},{\"@type\":\"ListItem\",\"position\":2,\"name\":\"\u00dcber uns\"}]},{\"@type\":\"WebSite\",\"@id\":\"https:\/\/www.eat-automation.de\/de\/#website\",\"url\":\"https:\/\/www.eat-automation.de\/de\/\",\"name\":\"EAT Elektro- und Automatisierungstechnik GmbH\",\"description\":\"Zukunftssichere Systeme\",\"publisher\":{\"@id\":\"https:\/\/www.eat-automation.de\/de\/#organization\"},\"potentialAction\":[{\"@type\":\"SearchAction\",\"target\":{\"@type\":\"EntryPoint\",\"urlTemplate\":\"https:\/\/www.eat-automation.de\/de\/?s={search_term_string}\"},\"query-input\":{\"@type\":\"PropertyValueSpecification\",\"valueRequired\":true,\"valueName\":\"search_term_string\"}}],\"inLanguage\":\"de\"},{\"@type\":\"Organization\",\"@id\":\"https:\/\/www.eat-automation.de\/de\/#organization\",\"name\":\"EAT Elektro- und Automatisierungstechnik GmbH\",\"url\":\"https:\/\/www.eat-automation.de\/de\/\",\"logo\":{\"@type\":\"ImageObject\",\"inLanguage\":\"de\",\"@id\":\"https:\/\/www.eat-automation.de\/de\/#\/schema\/logo\/image\/\",\"url\":\"https:\/\/www.eat-automation.de\/wp-content\/uploads\/2018\/12\/logo.png\",\"contentUrl\":\"https:\/\/www.eat-automation.de\/wp-content\/uploads\/2018\/12\/logo.png\",\"width\":241,\"height\":114,\"caption\":\"EAT Elektro- und Automatisierungstechnik GmbH\"},\"image\":{\"@id\":\"https:\/\/www.eat-automation.de\/de\/#\/schema\/logo\/image\/\"}}]}<\/script>\n<!-- \/ Yoast SEO plugin. -->","yoast_head_json":{"title":"\u00dcber uns | EAT Elektro- und Automatisierungstechnik GmbH","robots":{"index":"index","follow":"follow","max-snippet":"max-snippet:-1","max-image-preview":"max-image-preview:large","max-video-preview":"max-video-preview:-1"},"canonical":"https:\/\/www.eat-automation.de\/de\/ueber-uns\/","og_locale":"de_DE","og_type":"article","og_title":"\u00dcber uns | EAT Elektro- und Automatisierungstechnik GmbH","og_description":"[vc_row css_animation=&#8220;&#8220; row_type=&#8220;row&#8220; use_row_as_full_screen_section=&#8220;no&#8220; type=&#8220;grid&#8220; angled_section=&#8220;no&#8220; text_align=&#8220;left&#8220; background_image_as_pattern=&#8220;without_pattern&#8220; z_index=&#8220;&#8220;][vc_column][qode_elements_holder number_of_columns=&#8220;two_columns&#8220;][qode_elements_holder_item advanced_animations=&#8220;no&#8220; item_padding=&#8220;5% 0 0 0&#8243;][vc_column_text] Wir sind ein mittelst\u00e4ndiges Unternehmen mit langj\u00e4hriger Erfahrung in der Elektro u. Automatisierung\u00adstechnik. [\/vc_column_text][vc_empty_space][vc_column_text]Seit \u00fcber 20 Jahren entwickeln wir innovative L\u00f6sungen f\u00fcr die Industrie und kommunale Auftraggeber. Neben einer qualifizierten...","og_url":"https:\/\/www.eat-automation.de\/de\/ueber-uns\/","og_site_name":"EAT Elektro- und Automatisierungstechnik GmbH","article_modified_time":"2024-07-24T09:12:32+00:00","twitter_card":"summary_large_image","twitter_misc":{"Gesch\u00e4tzte Lesezeit":"2\u00a0Minuten"},"schema":{"@context":"https:\/\/schema.org","@graph":[{"@type":"WebPage","@id":"https:\/\/www.eat-automation.de\/de\/ueber-uns\/","url":"https:\/\/www.eat-automation.de\/de\/ueber-uns\/","name":"\u00dcber uns | EAT Elektro- und Automatisierungstechnik GmbH","isPartOf":{"@id":"https:\/\/www.eat-automation.de\/de\/#website"},"datePublished":"2018-04-12T13:10:18+00:00","dateModified":"2024-07-24T09:12:32+00:00","breadcrumb":{"@id":"https:\/\/www.eat-automation.de\/de\/ueber-uns\/#breadcrumb"},"inLanguage":"de","potentialAction":[{"@type":"ReadAction","target":["https:\/\/www.eat-automation.de\/de\/ueber-uns\/"]}]},{"@type":"BreadcrumbList","@id":"https:\/\/www.eat-automation.de\/de\/ueber-uns\/#breadcrumb","itemListElement":[{"@type":"ListItem","position":1,"name":"Startseite","item":"https:\/\/www.eat-automation.de\/de\/"},{"@type":"ListItem","position":2,"name":"\u00dcber uns"}]},{"@type":"WebSite","@id":"https:\/\/www.eat-automation.de\/de\/#website","url":"https:\/\/www.eat-automation.de\/de\/","name":"EAT Elektro- und Automatisierungstechnik GmbH","description":"Zukunftssichere Systeme","publisher":{"@id":"https:\/\/www.eat-automation.de\/de\/#organization"},"potentialAction":[{"@type":"SearchAction","target":{"@type":"EntryPoint","urlTemplate":"https:\/\/www.eat-automation.de\/de\/?s={search_term_string}"},"query-input":{"@type":"PropertyValueSpecification","valueRequired":true,"valueName":"search_term_string"}}],"inLanguage":"de"},{"@type":"Organization","@id":"https:\/\/www.eat-automation.de\/de\/#organization","name":"EAT Elektro- und Automatisierungstechnik GmbH","url":"https:\/\/www.eat-automation.de\/de\/","logo":{"@type":"ImageObject","inLanguage":"de","@id":"https:\/\/www.eat-automation.de\/de\/#\/schema\/logo\/image\/","url":"https:\/\/www.eat-automation.de\/wp-content\/uploads\/2018\/12\/logo.png","contentUrl":"https:\/\/www.eat-automation.de\/wp-content\/uploads\/2018\/12\/logo.png","width":241,"height":114,"caption":"EAT Elektro- und Automatisierungstechnik GmbH"},"image":{"@id":"https:\/\/www.eat-automation.de\/de\/#\/schema\/logo\/image\/"}}]}},"_links":{"self":[{"href":"https:\/\/www.eat-automation.de\/de\/wp-json\/wp\/v2\/pages\/175","targetHints":{"allow":["GET"]}}],"collection":[{"href":"https:\/\/www.eat-automation.de\/de\/wp-json\/wp\/v2\/pages"}],"about":[{"href":"https:\/\/www.eat-automation.de\/de\/wp-json\/wp\/v2\/types\/page"}],"author":[{"embeddable":true,"href":"https:\/\/www.eat-automation.de\/de\/wp-json\/wp\/v2\/users\/3"}],"replies":[{"embeddable":true,"href":"https:\/\/www.eat-automation.de\/de\/wp-json\/wp\/v2\/comments?post=175"}],"version-history":[{"count":13,"href":"https:\/\/www.eat-automation.de\/de\/wp-json\/wp\/v2\/pages\/175\/revisions"}],"predecessor-version":[{"id":3819,"href":"https:\/\/www.eat-automation.de\/de\/wp-json\/wp\/v2\/pages\/175\/revisions\/3819"}],"wp:attachment":[{"href":"https:\/\/www.eat-automation.de\/de\/wp-json\/wp\/v2\/media?parent=175"}],"curies":[{"name":"wp","href":"https:\/\/api.w.org\/{rel}","templated":true}]}}